{"id":38,"date":"2017-02-22T13:45:41","date_gmt":"2017-02-22T13:45:41","guid":{"rendered":"https:\/\/rustico-pila.ch\/?page_id=38"},"modified":"2017-09-27T17:22:49","modified_gmt":"2017-09-27T17:22:49","slug":"rustico","status":"publish","type":"page","link":"https:\/\/rustico-pila.ch\/","title":{"rendered":"Rustico"},"content":{"rendered":"<p>[et_pb_section bb_built=&#8220;1&#8243; admin_label=&#8220;Sektion&#8220; transparent_background=&#8220;off&#8220; allow_player_pause=&#8220;off&#8220; inner_shadow=&#8220;off&#8220; parallax=&#8220;off&#8220; parallax_method=&#8220;off&#8220; make_fullwidth=&#8220;off&#8220; use_custom_width=&#8220;off&#8220; width_unit=&#8220;on&#8220; custom_width_px=&#8220;1080px&#8220; custom_width_percent=&#8220;80%&#8220; make_equal=&#8220;off&#8220; use_custom_gutter=&#8220;off&#8220; fullwidth=&#8220;on&#8220; specialty=&#8220;off&#8220; disabled=&#8220;off&#8220;][et_pb_fullwidth_image admin_label=&#8220;Volle Breite des Bildes&#8220; src=&#8220;https:\/\/rustico-pila.ch\/wp-content\/uploads\/2017\/02\/IMG_0644.jpg&#8220; show_in_lightbox=&#8220;off&#8220; url_new_window=&#8220;off&#8220; use_overlay=&#8220;off&#8220; animation=&#8220;off&#8220; use_border_color=&#8220;off&#8220; border_color=&#8220;#ffffff&#8220; border_width=&#8220;1px&#8220; border_style=&#8220;solid&#8220; disabled=&#8220;off&#8220;] [\/et_pb_fullwidth_image][\/et_pb_section][et_pb_section bb_built=&#8220;1&#8243; admin_label=&#8220;section&#8220; transparent_background=&#8220;on&#8220; allow_player_pause=&#8220;off&#8220; inner_shadow=&#8220;off&#8220; parallax=&#8220;off&#8220; parallax_method=&#8220;on&#8220; make_fullwidth=&#8220;off&#8220; use_custom_width=&#8220;off&#8220; width_unit=&#8220;off&#8220; make_equal=&#8220;off&#8220; use_custom_gutter=&#8220;off&#8220; fullwidth=&#8220;off&#8220; specialty=&#8220;off&#8220; disabled=&#8220;off&#8220;][et_pb_row admin_label=&#8220;row&#8220; make_fullwidth=&#8220;off&#8220; use_custom_width=&#8220;off&#8220; width_unit=&#8220;off&#8220; custom_width_px=&#8220;1080px&#8220; custom_width_percent=&#8220;80%&#8220; use_custom_gutter=&#8220;off&#8220; gutter_width=&#8220;3&#8243; allow_player_pause=&#8220;off&#8220; parallax=&#8220;off&#8220; parallax_method=&#8220;on&#8220; make_equal=&#8220;off&#8220; parallax_1=&#8220;off&#8220; parallax_method_1=&#8220;on&#8220; parallax_2=&#8220;off&#8220; parallax_method_2=&#8220;on&#8220; parallax_3=&#8220;off&#8220; parallax_method_3=&#8220;on&#8220; parallax_4=&#8220;off&#8220; parallax_method_4=&#8220;on&#8220; disabled=&#8220;off&#8220;][et_pb_column type=&#8220;1_2&#8243;][et_pb_image admin_label=&#8220;Bild&#8220; src=&#8220;https:\/\/rustico-pila.ch\/wp-content\/uploads\/2017\/02\/IMG_5519.jpg&#8220; alt=&#8220;Rustico Pila&#8220; title_text=&#8220;Rustico Pila&#8220; show_in_lightbox=&#8220;on&#8220; url_new_window=&#8220;off&#8220; use_overlay=&#8220;off&#8220; animation=&#8220;off&#8220; sticky=&#8220;off&#8220; align=&#8220;left&#8220; force_fullwidth=&#8220;off&#8220; always_center_on_mobile=&#8220;on&#8220; use_border_color=&#8220;off&#8220; border_color=&#8220;#ffffff&#8220; border_style=&#8220;solid&#8220; disabled=&#8220;off&#8220; saved_tabs=&#8220;all&#8220;] [\/et_pb_image][et_pb_text admin_label=&#8220;Text&#8220; background_layout=&#8220;light&#8220; text_orientation=&#8220;center&#8220; text_font=&#8220;Times New Roman||on||&#8220; text_font_size=&#8220;16px&#8220; use_border_color=&#8220;off&#8220; border_style=&#8220;solid&#8220; custom_margin=&#8220;-20px|||&#8220; disabled=&#8220;off&#8220; saved_tabs=&#8220;all&#8220; border_color=&#8220;#ffffff&#8220;]<\/p>\n<p>Rustico Pila<\/p>\n<p>[\/et_pb_text][\/et_pb_column][et_pb_column type=&#8220;1_2&#8243;][et_pb_text admin_label=&#8220;Text&#8220; background_layout=&#8220;light&#8220; text_orientation=&#8220;left&#8220; text_font=&#8220;Open Sans||||&#8220; use_border_color=&#8220;on&#8220; border_style=&#8220;solid&#8220; custom_margin=&#8220;|||&#8220; custom_padding=&#8220;10px|10px|10px|10px&#8220; disabled=&#8220;off&#8220; saved_tabs=&#8220;all&#8220; border_color=&#8220;#000000&#8243;]<\/p>\n<p>Unser Rustico liegt im oberen Teil des Dorfes Pila, wenige Schritte entfernt vom kleinen Dorfplatz mit seinem Brunnen und dem alten Waschhaus. Es ist umgeben von den Reben und G\u00e4rten unserer Nachbarn. Ein grossz\u00fcgiger Sitzplatz l\u00e4dt zum Verweilen ein. Wer den k\u00fchlen Schatten sucht, l\u00e4sst sich unter dem \u00fcppigen Trompetenjasmin (lat. Bignonia) nieder. F\u00fcr die Sonnenanbeter gibt es rund ums Haus lauschige \u00d6rtchen.<\/p>\n<p>[\/et_pb_text][et_pb_image admin_label=&#8220;Bild&#8220; src=&#8220;https:\/\/rustico-pila.ch\/wp-content\/uploads\/2017\/02\/IMG_5454.jpg&#8220; alt=&#8220;Der Sitzplatz mit dem gem\u00fctlichen Gartentisch und dem Trompetenbaum&#8220; title_text=&#8220;Der Sitzplatz mit dem gem\u00fctlichen Gartentisch und dem Trompetenbaum&#8220; show_in_lightbox=&#8220;on&#8220; url_new_window=&#8220;off&#8220; use_overlay=&#8220;off&#8220; sticky=&#8220;off&#8220; align=&#8220;left&#8220; force_fullwidth=&#8220;off&#8220; always_center_on_mobile=&#8220;on&#8220; use_border_color=&#8220;off&#8220; border_color=&#8220;#ffffff&#8220; border_style=&#8220;solid&#8220; disabled=&#8220;off&#8220; animation=&#8220;off&#8220;] [\/et_pb_image][et_pb_text admin_label=&#8220;Text&#8220; background_layout=&#8220;light&#8220; text_orientation=&#8220;center&#8220; text_font=&#8220;Times New Roman||on||&#8220; text_font_size=&#8220;16&#8243; use_border_color=&#8220;off&#8220; border_style=&#8220;solid&#8220; custom_margin=&#8220;-20px|||&#8220; disabled=&#8220;off&#8220; saved_tabs=&#8220;all&#8220; border_color=&#8220;#ffffff&#8220;]<\/p>\n<p>Der Sitzplatz mit dem gem\u00fctlichen Gartentisch und dem Trompetenbaum<\/p>\n<p>[\/et_pb_text][\/et_pb_column][\/et_pb_row][et_pb_row admin_label=&#8220;Zeile&#8220; make_fullwidth=&#8220;off&#8220; use_custom_width=&#8220;off&#8220; width_unit=&#8220;off&#8220; custom_width_px=&#8220;1080px&#8220; custom_width_percent=&#8220;80%&#8220; use_custom_gutter=&#8220;off&#8220; gutter_width=&#8220;3&#8243; allow_player_pause=&#8220;off&#8220; parallax=&#8220;off&#8220; parallax_method=&#8220;on&#8220; make_equal=&#8220;off&#8220; parallax_1=&#8220;off&#8220; parallax_method_1=&#8220;on&#8220; parallax_2=&#8220;off&#8220; parallax_method_2=&#8220;on&#8220; parallax_3=&#8220;off&#8220; parallax_method_3=&#8220;on&#8220; parallax_4=&#8220;off&#8220; parallax_method_4=&#8220;on&#8220; disabled=&#8220;off&#8220;][et_pb_column type=&#8220;1_2&#8243;][et_pb_image admin_label=&#8220;Bild&#8220; src=&#8220;https:\/\/rustico-pila.ch\/wp-content\/uploads\/2017\/02\/IMG_5600.jpg&#8220; alt=&#8220;Der Sitzplatz in der Morgensonne&#8220; title_text=&#8220;Der Sitzplatz in der Morgensonne&#8220; show_in_lightbox=&#8220;on&#8220; url_new_window=&#8220;off&#8220; use_overlay=&#8220;off&#8220; sticky=&#8220;off&#8220; align=&#8220;left&#8220; force_fullwidth=&#8220;off&#8220; always_center_on_mobile=&#8220;on&#8220; use_border_color=&#8220;off&#8220; border_color=&#8220;#ffffff&#8220; border_style=&#8220;solid&#8220; disabled=&#8220;off&#8220; animation=&#8220;off&#8220;] [\/et_pb_image][et_pb_text admin_label=&#8220;Text&#8220; background_layout=&#8220;light&#8220; text_orientation=&#8220;center&#8220; text_font=&#8220;Times New Roman||on||&#8220; text_font_size=&#8220;16&#8243; use_border_color=&#8220;off&#8220; border_style=&#8220;solid&#8220; custom_margin=&#8220;-20px|||&#8220; disabled=&#8220;off&#8220; saved_tabs=&#8220;all&#8220; border_color=&#8220;#ffffff&#8220;]<\/p>\n<p>Der Sitzplatz in der Morgensonne<\/p>\n<p>[\/et_pb_text][\/et_pb_column][et_pb_column type=&#8220;1_2&#8243;][et_pb_image admin_label=&#8220;Bild&#8220; src=&#8220;https:\/\/rustico-pila.ch\/wp-content\/uploads\/2017\/02\/IMG_5601.jpg&#8220; alt=&#8220;Sitzplatz&#8220; title_text=&#8220;Sitzplatz&#8220; show_in_lightbox=&#8220;on&#8220; url_new_window=&#8220;off&#8220; use_overlay=&#8220;off&#8220; sticky=&#8220;off&#8220; align=&#8220;left&#8220; force_fullwidth=&#8220;off&#8220; always_center_on_mobile=&#8220;on&#8220; use_border_color=&#8220;off&#8220; border_color=&#8220;#ffffff&#8220; border_style=&#8220;solid&#8220; disabled=&#8220;off&#8220; animation=&#8220;off&#8220;] [\/et_pb_image][et_pb_text admin_label=&#8220;Text&#8220; background_layout=&#8220;light&#8220; text_orientation=&#8220;center&#8220; text_font=&#8220;Times New Roman||on||&#8220; text_font_size=&#8220;16&#8243; use_border_color=&#8220;off&#8220; border_style=&#8220;solid&#8220; custom_margin=&#8220;-20px|||&#8220; disabled=&#8220;off&#8220; saved_tabs=&#8220;all&#8220; border_color=&#8220;#ffffff&#8220;]<\/p>\n<p>Sitzplatz<\/p>\n<p>[\/et_pb_text][\/et_pb_column][\/et_pb_row][et_pb_row admin_label=&#8220;Zeile&#8220; make_fullwidth=&#8220;off&#8220; use_custom_width=&#8220;off&#8220; width_unit=&#8220;off&#8220; custom_width_px=&#8220;1080px&#8220; custom_width_percent=&#8220;80%&#8220; use_custom_gutter=&#8220;off&#8220; gutter_width=&#8220;3&#8243; allow_player_pause=&#8220;off&#8220; parallax=&#8220;off&#8220; parallax_method=&#8220;on&#8220; make_equal=&#8220;off&#8220; parallax_1=&#8220;off&#8220; parallax_method_1=&#8220;on&#8220; parallax_2=&#8220;off&#8220; parallax_method_2=&#8220;on&#8220; parallax_3=&#8220;off&#8220; parallax_method_3=&#8220;on&#8220; parallax_4=&#8220;off&#8220; parallax_method_4=&#8220;on&#8220; disabled=&#8220;off&#8220;][et_pb_column type=&#8220;1_2&#8243;][et_pb_image admin_label=&#8220;Bild&#8220; src=&#8220;https:\/\/rustico-pila.ch\/wp-content\/uploads\/2017\/02\/IMG_5465.jpg&#8220; alt=&#8220;Balkon, H\u00e4ngematte und Gartensitzplatz\u2026&#8220; title_text=&#8220;Balkon, H\u00e4ngematte und Gartensitzplatz\u2026&#8220; show_in_lightbox=&#8220;on&#8220; url_new_window=&#8220;off&#8220; use_overlay=&#8220;off&#8220; sticky=&#8220;off&#8220; align=&#8220;left&#8220; force_fullwidth=&#8220;off&#8220; always_center_on_mobile=&#8220;on&#8220; use_border_color=&#8220;off&#8220; border_color=&#8220;#ffffff&#8220; border_style=&#8220;solid&#8220; disabled=&#8220;off&#8220; animation=&#8220;off&#8220;] [\/et_pb_image][et_pb_text admin_label=&#8220;Text&#8220; background_layout=&#8220;light&#8220; text_orientation=&#8220;center&#8220; text_font=&#8220;Times New Roman||on||&#8220; text_font_size=&#8220;16&#8243; use_border_color=&#8220;off&#8220; border_style=&#8220;solid&#8220; custom_margin=&#8220;-20px|||&#8220; disabled=&#8220;off&#8220; saved_tabs=&#8220;all&#8220; border_color=&#8220;#ffffff&#8220;]<\/p>\n<p>Balkon, H\u00e4ngematte und Gartensitzplatz\u2026<\/p>\n<p>[\/et_pb_text][\/et_pb_column][et_pb_column type=&#8220;1_2&#8243;][et_pb_image admin_label=&#8220;Bild&#8220; src=&#8220;https:\/\/rustico-pila.ch\/wp-content\/uploads\/2017\/02\/IMG_5268.jpg&#8220; alt=&#8220;Die Treppe zum Hauseingang&#8220; title_text=&#8220;Die Treppe zum Hauseingang&#8220; show_in_lightbox=&#8220;on&#8220; url_new_window=&#8220;off&#8220; use_overlay=&#8220;off&#8220; sticky=&#8220;off&#8220; align=&#8220;left&#8220; force_fullwidth=&#8220;off&#8220; always_center_on_mobile=&#8220;on&#8220; use_border_color=&#8220;off&#8220; border_color=&#8220;#ffffff&#8220; border_style=&#8220;solid&#8220; disabled=&#8220;off&#8220; animation=&#8220;off&#8220;] [\/et_pb_image][et_pb_text admin_label=&#8220;Text&#8220; background_layout=&#8220;light&#8220; text_orientation=&#8220;center&#8220; text_font=&#8220;Times New Roman||on||&#8220; text_font_size=&#8220;16&#8243; use_border_color=&#8220;off&#8220; border_style=&#8220;solid&#8220; custom_margin=&#8220;-20px|||&#8220; disabled=&#8220;off&#8220; saved_tabs=&#8220;all&#8220; border_color=&#8220;#ffffff&#8220;]<\/p>\n<p>Die Treppe zum Hauseingang<\/p>\n<p>[\/et_pb_text][\/et_pb_column][\/et_pb_row][et_pb_row admin_label=&#8220;Zeile&#8220; make_fullwidth=&#8220;off&#8220; use_custom_width=&#8220;off&#8220; width_unit=&#8220;off&#8220; custom_width_px=&#8220;1080px&#8220; custom_width_percent=&#8220;80%&#8220; use_custom_gutter=&#8220;off&#8220; gutter_width=&#8220;3&#8243; allow_player_pause=&#8220;off&#8220; parallax=&#8220;off&#8220; parallax_method=&#8220;on&#8220; make_equal=&#8220;off&#8220; parallax_1=&#8220;off&#8220; parallax_method_1=&#8220;on&#8220; parallax_2=&#8220;off&#8220; parallax_method_2=&#8220;on&#8220; parallax_3=&#8220;off&#8220; parallax_method_3=&#8220;on&#8220; parallax_4=&#8220;off&#8220; parallax_method_4=&#8220;on&#8220; disabled=&#8220;off&#8220;][et_pb_column type=&#8220;1_2&#8243;][et_pb_image admin_label=&#8220;Bild&#8220; src=&#8220;https:\/\/rustico-pila.ch\/wp-content\/uploads\/2017\/02\/IMG_5269.jpg&#8220; alt=&#8220;Die Kellerr\u00e4ume mit dem Vogelbad&#8220; title_text=&#8220;Die Kellerr\u00e4ume mit dem Vogelbad&#8220; show_in_lightbox=&#8220;on&#8220; url_new_window=&#8220;off&#8220; use_overlay=&#8220;off&#8220; sticky=&#8220;off&#8220; align=&#8220;left&#8220; force_fullwidth=&#8220;off&#8220; always_center_on_mobile=&#8220;on&#8220; use_border_color=&#8220;off&#8220; border_color=&#8220;#ffffff&#8220; border_style=&#8220;solid&#8220; disabled=&#8220;off&#8220; animation=&#8220;off&#8220;] [\/et_pb_image][et_pb_text admin_label=&#8220;Text&#8220; background_layout=&#8220;light&#8220; text_orientation=&#8220;center&#8220; text_font=&#8220;Times New Roman||on||&#8220; text_font_size=&#8220;16&#8243; use_border_color=&#8220;off&#8220; border_style=&#8220;solid&#8220; custom_margin=&#8220;-20px|||&#8220; disabled=&#8220;off&#8220; saved_tabs=&#8220;all&#8220; border_color=&#8220;#ffffff&#8220;]<\/p>\n<p>Die Kellerr\u00e4ume mit dem Vogelbad<\/p>\n<p>[\/et_pb_text][\/et_pb_column][et_pb_column type=&#8220;1_2&#8243;][\/et_pb_column][\/et_pb_row][\/et_pb_section]<\/p>\n","protected":false},"excerpt":{"rendered":"<p>Rustico Pila Unser Rustico liegt im oberen Teil des Dorfes Pila, wenige Schritte entfernt vom kleinen Dorfplatz mit seinem Brunnen und dem alten Waschhaus. Es ist umgeben von den Reben und G\u00e4rten unserer Nachbarn. Ein grossz\u00fcgiger Sitzplatz l\u00e4dt zum Verweilen ein. Wer den k\u00fchlen Schatten sucht, l\u00e4sst sich unter dem \u00fcppigen Trompetenjasmin (lat. Bignonia) nieder. [&hellip;]<\/p>\n","protected":false},"author":1,"featured_media":0,"parent":0,"menu_order":0,"comment_status":"closed","ping_status":"closed","template":"","meta":{"_et_pb_use_builder":"on","_et_pb_old_content":"","_et_gb_content_width":"","footnotes":""},"class_list":["post-38","page","type-page","status-publish","hentry"],"_links":{"self":[{"href":"https:\/\/rustico-pila.ch\/index.php?rest_route=\/wp\/v2\/pages\/38"}],"collection":[{"href":"https:\/\/rustico-pila.ch\/index.php?rest_route=\/wp\/v2\/pages"}],"about":[{"href":"https:\/\/rustico-pila.ch\/index.php?rest_route=\/wp\/v2\/types\/page"}],"author":[{"embeddable":true,"href":"https:\/\/rustico-pila.ch\/index.php?rest_route=\/wp\/v2\/users\/1"}],"replies":[{"embeddable":true,"href":"https:\/\/rustico-pila.ch\/index.php?rest_route=%2Fwp%2Fv2%2Fcomments&post=38"}],"version-history":[{"count":8,"href":"https:\/\/rustico-pila.ch\/index.php?rest_route=\/wp\/v2\/pages\/38\/revisions"}],"predecessor-version":[{"id":403,"href":"https:\/\/rustico-pila.ch\/index.php?rest_route=\/wp\/v2\/pages\/38\/revisions\/403"}],"wp:attachment":[{"href":"https:\/\/rustico-pila.ch\/index.php?rest_route=%2Fwp%2Fv2%2Fmedia&parent=38"}],"curies":[{"name":"wp","href":"https:\/\/api.w.org\/{rel}","templated":true}]}}