{"id":105,"date":"2017-02-22T13:50:27","date_gmt":"2017-02-22T13:50:27","guid":{"rendered":"https:\/\/rustico-pila.ch\/?page_id=105"},"modified":"2017-09-29T15:49:52","modified_gmt":"2017-09-29T15:49:52","slug":"umgebung","status":"publish","type":"page","link":"https:\/\/rustico-pila.ch\/?page_id=105","title":{"rendered":"Umgebung"},"content":{"rendered":"<p>[et_pb_section bb_built=&#8220;1&#8243; transparent_background=&#8220;off&#8220; allow_player_pause=&#8220;off&#8220; inner_shadow=&#8220;off&#8220; parallax=&#8220;off&#8220; parallax_method=&#8220;off&#8220; make_fullwidth=&#8220;off&#8220; use_custom_width=&#8220;off&#8220; width_unit=&#8220;on&#8220; custom_width_px=&#8220;1080px&#8220; custom_width_percent=&#8220;80%&#8220; make_equal=&#8220;off&#8220; use_custom_gutter=&#8220;off&#8220; fullwidth=&#8220;on&#8220; specialty=&#8220;off&#8220; disabled=&#8220;off&#8220;][et_pb_fullwidth_image src=&#8220;https:\/\/rustico-pila.ch\/wp-content\/uploads\/2017\/02\/IMG_0644-4.jpg&#8220; show_in_lightbox=&#8220;off&#8220; url_new_window=&#8220;off&#8220; use_overlay=&#8220;off&#8220; animation=&#8220;off&#8220; use_border_color=&#8220;off&#8220; border_color=&#8220;#ffffff&#8220; border_width=&#8220;1px&#8220; border_style=&#8220;solid&#8220; disabled=&#8220;off&#8220; \/][\/et_pb_section][et_pb_section bb_built=&#8220;1&#8243; admin_label=&#8220;section&#8220; transparent_background=&#8220;off&#8220; allow_player_pause=&#8220;off&#8220; inner_shadow=&#8220;off&#8220; parallax=&#8220;off&#8220; parallax_method=&#8220;on&#8220; make_fullwidth=&#8220;off&#8220; use_custom_width=&#8220;off&#8220; width_unit=&#8220;off&#8220; custom_width_px=&#8220;1080px&#8220; custom_width_percent=&#8220;80%&#8220; make_equal=&#8220;off&#8220; use_custom_gutter=&#8220;off&#8220; fullwidth=&#8220;off&#8220; specialty=&#8220;off&#8220; disabled=&#8220;off&#8220;][et_pb_row admin_label=&#8220;row&#8220; make_fullwidth=&#8220;off&#8220; use_custom_width=&#8220;off&#8220; width_unit=&#8220;off&#8220; custom_width_px=&#8220;1080px&#8220; custom_width_percent=&#8220;80%&#8220; use_custom_gutter=&#8220;off&#8220; gutter_width=&#8220;3&#8243; allow_player_pause=&#8220;off&#8220; parallax=&#8220;off&#8220; parallax_method=&#8220;on&#8220; make_equal=&#8220;off&#8220; parallax_1=&#8220;off&#8220; parallax_method_1=&#8220;on&#8220; parallax_2=&#8220;off&#8220; parallax_method_2=&#8220;on&#8220; parallax_3=&#8220;off&#8220; parallax_method_3=&#8220;on&#8220; parallax_4=&#8220;off&#8220; parallax_method_4=&#8220;on&#8220; disabled=&#8220;off&#8220; background_position=&#8220;top_left&#8220; background_repeat=&#8220;repeat&#8220; background_size=&#8220;initial&#8220;][et_pb_column type=&#8220;1_2&#8243;][et_pb_image src=&#8220;https:\/\/rustico-pila.ch\/wp-content\/uploads\/2017\/02\/karte.jpg&#8220; alt=&#8220;Wandergebiet um Pila, Ausgangspunkt f\u00fcr das Centovalli und das Onsernonetal&#8220; title_text=&#8220;Wandergebiet um Pila, Ausgangspunkt f\u00fcr das Centovalli und das Onsernonetal&#8220; show_in_lightbox=&#8220;on&#8220; url_new_window=&#8220;off&#8220; use_overlay=&#8220;off&#8220; sticky=&#8220;off&#8220; align=&#8220;left&#8220; force_fullwidth=&#8220;off&#8220; always_center_on_mobile=&#8220;on&#8220; use_border_color=&#8220;off&#8220; border_color=&#8220;#ffffff&#8220; border_style=&#8220;solid&#8220; disabled=&#8220;off&#8220; animation=&#8220;off&#8220; _builder_version=&#8220;3.0.76&#8243; animation_direction=&#8220;off&#8220; \/][et_pb_text background_layout=&#8220;light&#8220; text_orientation=&#8220;center&#8220; text_font=&#8220;Times New Roman||on||&#8220; text_font_size=&#8220;16&#8243; border_style=&#8220;solid&#8220; custom_margin=&#8220;-20px|||&#8220; disabled=&#8220;off&#8220; saved_tabs=&#8220;all&#8220; module_alignment=&#8220;center&#8220; background_position=&#8220;top_left&#8220; background_repeat=&#8220;repeat&#8220; background_size=&#8220;initial&#8220; _builder_version=&#8220;3.0.76&#8243;]<\/p>\n<p>Wandergebiet um Pila, Ausgangspunkt f\u00fcr Centovalli und Onsernonetal<\/p>\n<p>[\/et_pb_text][\/et_pb_column][et_pb_column type=&#8220;1_2&#8243;][et_pb_text background_layout=&#8220;light&#8220; text_font=&#8220;Open Sans||||&#8220; use_border_color=&#8220;on&#8220; border_style=&#8220;solid&#8220; disabled=&#8220;off&#8220; saved_tabs=&#8220;all&#8220; border_color=&#8220;#000000&#8243; custom_padding=&#8220;10px|10px|10px|10px&#8220; module_alignment=&#8220;left&#8220; background_position=&#8220;top_left&#8220; background_repeat=&#8220;repeat&#8220; background_size=&#8220;initial&#8220; _builder_version=&#8220;3.0.76&#8243;]<\/p>\n<p>Pila dient als Ausgangspunkt f\u00fcr zahlreiche Spazierg\u00e4nge und gr\u00f6ssere Wanderungen! Ein spannender und nicht sehr anstrengender Rundgang f\u00fchrt \u00fcber Cremaso nach Calascio. Zur\u00fcck geht\u2019s durch einen dichten Buchenwald \u00fcber Vosa entlang dem Onsernonetal Richtung Intragna.<\/p>\n<p>Aber auch weiter entfernte Orte lohnen sich, beispielsweise die Alpe Salei im Vergeletto oder auch der Pizzo Leone auf der anderen Talseite von Pila.<\/p>\n<p>Ein wundersch\u00f6ner Badeplatz befindet sich in Golino, unterhalb von Intragna. Hier l\u00e4dt die Melezza zum Erfrischungsbad!<\/p>\n<p>[\/et_pb_text][\/et_pb_column][\/et_pb_row][et_pb_row][et_pb_column type=&#8220;4_4&#8243;][et_pb_image src=&#8220;https:\/\/rustico-pila.ch\/wp-content\/uploads\/2017\/09\/IMG_1278.jpg&#8220; alt=&#8220;Nebelschwaden und Herbstsonne oberhalb von Calascio&#8220; title_text=&#8220;Calascio&#8220; show_in_lightbox=&#8220;on&#8220; url_new_window=&#8220;off&#8220; use_overlay=&#8220;off&#8220; animation=&#8220;off&#8220; sticky=&#8220;off&#8220; align=&#8220;left&#8220; force_fullwidth=&#8220;off&#8220; always_center_on_mobile=&#8220;on&#8220; border_style=&#8220;solid&#8220; disabled=&#8220;off&#8220; saved_tabs=&#8220;all&#8220; _builder_version=&#8220;3.0.76&#8243; show_bottom_space=&#8220;on&#8220; animation_direction=&#8220;off&#8220; \/][et_pb_text background_layout=&#8220;light&#8220; text_orientation=&#8220;center&#8220; text_font=&#8220;Times New Roman||on||&#8220; text_font_size=&#8220;16px&#8220; border_style=&#8220;solid&#8220; custom_margin=&#8220;-20px|||&#8220; disabled=&#8220;off&#8220; saved_tabs=&#8220;all&#8220; _builder_version=&#8220;3.0.76&#8243; module_alignment=&#8220;center&#8220;]<\/p>\n<p style=\"text-align: left;\">Nebelschwaden und Herbstsonne oberhalb von Calascio<\/p>\n<p>[\/et_pb_text][et_pb_image src=&#8220;https:\/\/rustico-pila.ch\/wp-content\/uploads\/2017\/09\/IMG_0637_def.jpg&#8220; alt=&#8220;Blick von Calascio ins Onsernonetal&#8220; title_text=&#8220;Calascio&#8220; show_in_lightbox=&#8220;on&#8220; url_new_window=&#8220;off&#8220; use_overlay=&#8220;off&#8220; animation=&#8220;off&#8220; sticky=&#8220;off&#8220; align=&#8220;left&#8220; force_fullwidth=&#8220;off&#8220; always_center_on_mobile=&#8220;on&#8220; border_style=&#8220;solid&#8220; disabled=&#8220;off&#8220; saved_tabs=&#8220;all&#8220; _builder_version=&#8220;3.0.76&#8243; show_bottom_space=&#8220;on&#8220; animation_direction=&#8220;off&#8220; \/][et_pb_text background_layout=&#8220;light&#8220; text_orientation=&#8220;center&#8220; text_font=&#8220;Times New Roman||on||&#8220; text_font_size=&#8220;16px&#8220; border_style=&#8220;solid&#8220; custom_margin=&#8220;-20px|||&#8220; disabled=&#8220;off&#8220; saved_tabs=&#8220;all&#8220; _builder_version=&#8220;3.0.76&#8243; module_alignment=&#8220;center&#8220;]<\/p>\n<p style=\"text-align: left;\">Blick von Calascio ins Onsernonetal<\/p>\n<p>[\/et_pb_text][et_pb_image src=&#8220;https:\/\/rustico-pila.ch\/wp-content\/uploads\/2017\/09\/IMG_1636_def.jpg&#8220; alt=&#8220;Lago dei Sal\u00e9i im wilden Vergeletto&#8220; title_text=&#8220;Lago dei Sal\u00e9i&#8220; show_in_lightbox=&#8220;on&#8220; url_new_window=&#8220;off&#8220; use_overlay=&#8220;off&#8220; animation=&#8220;off&#8220; sticky=&#8220;off&#8220; align=&#8220;left&#8220; force_fullwidth=&#8220;off&#8220; always_center_on_mobile=&#8220;on&#8220; border_style=&#8220;solid&#8220; disabled=&#8220;off&#8220; saved_tabs=&#8220;all&#8220; _builder_version=&#8220;3.0.76&#8243; show_bottom_space=&#8220;on&#8220; animation_direction=&#8220;off&#8220; \/][et_pb_text background_layout=&#8220;light&#8220; text_orientation=&#8220;center&#8220; text_font=&#8220;Times New Roman||on||&#8220; text_font_size=&#8220;16px&#8220; border_style=&#8220;solid&#8220; custom_margin=&#8220;-20px|||&#8220; disabled=&#8220;off&#8220; saved_tabs=&#8220;all&#8220; _builder_version=&#8220;3.0.76&#8243; module_alignment=&#8220;center&#8220;]<\/p>\n<p style=\"text-align: left;\">Lago dei Sal\u00e9i im wilden Vergeletto<\/p>\n<p>[\/et_pb_text][et_pb_text background_layout=&#8220;light&#8220; text_font=&#8220;Open Sans||||&#8220; use_border_color=&#8220;on&#8220; border_style=&#8220;solid&#8220; custom_margin=&#8220;|||&#8220; custom_padding=&#8220;10px|10px|10px|10px&#8220; disabled=&#8220;off&#8220; saved_tabs=&#8220;all&#8220; border_color=&#8220;#000000&#8243; _builder_version=&#8220;3.0.76&#8243;]<\/p>\n<p>Auch in der unmittelbaren Umgebung lassen sich sch\u00f6ne Pl\u00e4tze und verschlungene Pfade entdecken, beispielsweise f\u00fchrt ein Verbindungsweg vom alten Schulhaus in Pila \u00fcber eine tiefe Schlucht hin\u00fcber nach Costa.<\/p>\n<p>[\/et_pb_text][\/et_pb_column][\/et_pb_row][et_pb_row make_fullwidth=&#8220;off&#8220; use_custom_width=&#8220;off&#8220; width_unit=&#8220;off&#8220; custom_width_px=&#8220;1080px&#8220; custom_width_percent=&#8220;80%&#8220; use_custom_gutter=&#8220;off&#8220; gutter_width=&#8220;3&#8243; allow_player_pause=&#8220;off&#8220; parallax=&#8220;off&#8220; parallax_method=&#8220;on&#8220; make_equal=&#8220;off&#8220; parallax_1=&#8220;off&#8220; parallax_method_1=&#8220;on&#8220; parallax_2=&#8220;off&#8220; parallax_method_2=&#8220;on&#8220; parallax_3=&#8220;off&#8220; parallax_method_3=&#8220;on&#8220; parallax_4=&#8220;off&#8220; parallax_method_4=&#8220;on&#8220; disabled=&#8220;off&#8220; background_position=&#8220;top_left&#8220; background_repeat=&#8220;repeat&#8220; background_size=&#8220;initial&#8220;][et_pb_column type=&#8220;1_2&#8243;][et_pb_image src=&#8220;https:\/\/rustico-pila.ch\/wp-content\/uploads\/2017\/09\/IMG_5585.jpg&#8220; alt=&#8220;Wasserfall Riale di Mulitt&#8220; title_text=&#8220;Wasserfall Riale di Mulitt&#8220; show_in_lightbox=&#8220;on&#8220; url_new_window=&#8220;off&#8220; use_overlay=&#8220;off&#8220; sticky=&#8220;off&#8220; align=&#8220;left&#8220; force_fullwidth=&#8220;off&#8220; always_center_on_mobile=&#8220;on&#8220; border_style=&#8220;solid&#8220; disabled=&#8220;off&#8220; animation=&#8220;off&#8220; _builder_version=&#8220;3.0.76&#8243; show_bottom_space=&#8220;on&#8220; animation_direction=&#8220;off&#8220; \/][et_pb_text background_layout=&#8220;light&#8220; text_orientation=&#8220;center&#8220; text_font=&#8220;Times New Roman||on||&#8220; text_font_size=&#8220;16&#8243; use_border_color=&#8220;off&#8220; border_style=&#8220;solid&#8220; custom_margin=&#8220;-20px|||&#8220; disabled=&#8220;off&#8220; saved_tabs=&#8220;all&#8220; border_color=&#8220;#ffffff&#8220; module_alignment=&#8220;center&#8220; background_position=&#8220;top_left&#8220; background_repeat=&#8220;repeat&#8220; background_size=&#8220;initial&#8220; _builder_version=&#8220;3.0.76&#8243;]<\/p>\n<p>Wasserfall Riale di Mulitt<\/p>\n<p>[\/et_pb_text][\/et_pb_column][et_pb_column type=&#8220;1_2&#8243;][et_pb_image src=&#8220;https:\/\/rustico-pila.ch\/wp-content\/uploads\/2017\/02\/P1020284.jpg&#8220; alt=&#8220;Riale di Mulitt&#8220; title_text=&#8220;Riale di Mulitt&#8220; show_in_lightbox=&#8220;on&#8220; url_new_window=&#8220;off&#8220; use_overlay=&#8220;off&#8220; sticky=&#8220;off&#8220; align=&#8220;left&#8220; force_fullwidth=&#8220;off&#8220; always_center_on_mobile=&#8220;on&#8220; border_style=&#8220;solid&#8220; disabled=&#8220;off&#8220; animation=&#8220;off&#8220; _builder_version=&#8220;3.0.76&#8243; show_bottom_space=&#8220;on&#8220; animation_direction=&#8220;off&#8220; \/][et_pb_text background_layout=&#8220;light&#8220; text_orientation=&#8220;center&#8220; text_font=&#8220;Times New Roman||on||&#8220; text_font_size=&#8220;16&#8243; use_border_color=&#8220;off&#8220; border_style=&#8220;solid&#8220; custom_margin=&#8220;-20px|||&#8220; disabled=&#8220;off&#8220; saved_tabs=&#8220;all&#8220; border_color=&#8220;#ffffff&#8220; module_alignment=&#8220;center&#8220; background_position=&#8220;top_left&#8220; background_repeat=&#8220;repeat&#8220; background_size=&#8220;initial&#8220;]<\/p>\n<p>Riale di Mulitt<\/p>\n<p>[\/et_pb_text][\/et_pb_column][\/et_pb_row][et_pb_row][et_pb_column type=&#8220;4_4&#8243;][et_pb_image src=&#8220;https:\/\/rustico-pila.ch\/wp-content\/uploads\/2017\/09\/IMG_0934_def.jpg&#8220; alt=&#8220;M\u00e4rchenhafte Landschaft beim Riale di Mulitt&#8220; title_text=&#8220;Riale di Mulitt&#8220; show_in_lightbox=&#8220;on&#8220; url_new_window=&#8220;off&#8220; use_overlay=&#8220;off&#8220; animation=&#8220;off&#8220; sticky=&#8220;off&#8220; align=&#8220;left&#8220; force_fullwidth=&#8220;off&#8220; always_center_on_mobile=&#8220;on&#8220; border_style=&#8220;solid&#8220; disabled=&#8220;off&#8220; saved_tabs=&#8220;all&#8220; _builder_version=&#8220;3.0.76&#8243; show_bottom_space=&#8220;on&#8220; \/][et_pb_text background_layout=&#8220;light&#8220; text_orientation=&#8220;center&#8220; text_font=&#8220;Times New Roman||on||&#8220; text_font_size=&#8220;16px&#8220; border_style=&#8220;solid&#8220; custom_margin=&#8220;-20px|||&#8220; disabled=&#8220;off&#8220; saved_tabs=&#8220;all&#8220; _builder_version=&#8220;3.0.76&#8243; module_alignment=&#8220;center&#8220;]<\/p>\n<p style=\"text-align: left;\">M\u00e4rchenhafte Landschaft beim Riale di Mulitt<\/p>\n<p>[\/et_pb_text][\/et_pb_column][\/et_pb_row][et_pb_row make_fullwidth=&#8220;off&#8220; use_custom_width=&#8220;off&#8220; width_unit=&#8220;off&#8220; custom_width_px=&#8220;1080px&#8220; custom_width_percent=&#8220;80%&#8220; use_custom_gutter=&#8220;off&#8220; gutter_width=&#8220;3&#8243; allow_player_pause=&#8220;off&#8220; parallax=&#8220;off&#8220; parallax_method=&#8220;on&#8220; make_equal=&#8220;off&#8220; parallax_1=&#8220;off&#8220; parallax_method_1=&#8220;on&#8220; parallax_2=&#8220;off&#8220; parallax_method_2=&#8220;on&#8220; parallax_3=&#8220;off&#8220; parallax_method_3=&#8220;on&#8220; parallax_4=&#8220;off&#8220; parallax_method_4=&#8220;on&#8220; disabled=&#8220;off&#8220; background_position=&#8220;top_left&#8220; background_repeat=&#8220;repeat&#8220; background_size=&#8220;initial&#8220;][et_pb_column type=&#8220;1_2&#8243;][et_pb_image src=&#8220;https:\/\/rustico-pila.ch\/wp-content\/uploads\/2017\/02\/IMG_0921.jpg&#8220; alt=&#8220;Gem\u00fctlicher Badeplatz an der Melezza in Golino&#8220; title_text=&#8220;Golino&#8220; show_in_lightbox=&#8220;on&#8220; url_new_window=&#8220;off&#8220; use_overlay=&#8220;off&#8220; sticky=&#8220;off&#8220; align=&#8220;left&#8220; force_fullwidth=&#8220;off&#8220; always_center_on_mobile=&#8220;on&#8220; border_style=&#8220;solid&#8220; disabled=&#8220;off&#8220; animation=&#8220;off&#8220; _builder_version=&#8220;3.0.76&#8243; show_bottom_space=&#8220;on&#8220; \/][et_pb_text background_layout=&#8220;light&#8220; text_orientation=&#8220;center&#8220; text_font=&#8220;Times New Roman||on||&#8220; text_font_size=&#8220;16&#8243; border_style=&#8220;solid&#8220; custom_margin=&#8220;-20px|||&#8220; disabled=&#8220;off&#8220; saved_tabs=&#8220;all&#8220; module_alignment=&#8220;center&#8220; background_position=&#8220;top_left&#8220; background_repeat=&#8220;repeat&#8220; background_size=&#8220;initial&#8220; _builder_version=&#8220;3.0.76&#8243;]<\/p>\n<p>Gem\u00fctlicher Badeplatz an der Melezza in Golino<\/p>\n<p>[\/et_pb_text][\/et_pb_column][et_pb_column type=&#8220;1_2&#8243;][et_pb_image src=&#8220;https:\/\/rustico-pila.ch\/wp-content\/uploads\/2017\/02\/IMG_4986-2.jpg&#8220; alt=&#8220;Blick von Pila auf den Pizzo Leone (Mitte) und den Ghiridone (rechts)&#8220; title_text=&#8220;Pizzo Leone (Mitte) und den Ghiridone (rechts)&#8220; show_in_lightbox=&#8220;on&#8220; url_new_window=&#8220;off&#8220; use_overlay=&#8220;off&#8220; sticky=&#8220;off&#8220; align=&#8220;left&#8220; force_fullwidth=&#8220;off&#8220; always_center_on_mobile=&#8220;on&#8220; border_style=&#8220;solid&#8220; disabled=&#8220;off&#8220; animation=&#8220;off&#8220; _builder_version=&#8220;3.0.76&#8243; show_bottom_space=&#8220;on&#8220; \/][et_pb_text background_layout=&#8220;light&#8220; text_orientation=&#8220;center&#8220; text_font=&#8220;Times New Roman||on||&#8220; text_font_size=&#8220;16&#8243; use_border_color=&#8220;off&#8220; border_style=&#8220;solid&#8220; custom_margin=&#8220;-20px|||&#8220; disabled=&#8220;off&#8220; saved_tabs=&#8220;all&#8220; border_color=&#8220;#ffffff&#8220; module_alignment=&#8220;center&#8220; background_position=&#8220;top_left&#8220; background_repeat=&#8220;repeat&#8220; background_size=&#8220;initial&#8220;]<\/p>\n<p>Blick von Pila auf den Pizzo Leone (Mitte) und den Ghiridone (rechts)<\/p>\n<p>[\/et_pb_text][\/et_pb_column][\/et_pb_row][et_pb_row][et_pb_column type=&#8220;4_4&#8243;][et_pb_image src=&#8220;https:\/\/rustico-pila.ch\/wp-content\/uploads\/2017\/09\/IMG_0971.jpg&#8220; alt=&#8220;Blick von Pizzo Leone auf Lago Maggiore und Gambarogno&#8220; title_text=&#8220;Pizzo Leone&#8220; show_in_lightbox=&#8220;on&#8220; url_new_window=&#8220;off&#8220; use_overlay=&#8220;off&#8220; animation=&#8220;off&#8220; sticky=&#8220;off&#8220; align=&#8220;left&#8220; force_fullwidth=&#8220;off&#8220; always_center_on_mobile=&#8220;on&#8220; border_style=&#8220;solid&#8220; disabled=&#8220;off&#8220; saved_tabs=&#8220;all&#8220; _builder_version=&#8220;3.0.76&#8243; show_bottom_space=&#8220;on&#8220; animation_direction=&#8220;off&#8220; \/][et_pb_text background_layout=&#8220;light&#8220; text_orientation=&#8220;center&#8220; text_font=&#8220;Times New Roman||on||&#8220; text_font_size=&#8220;16px&#8220; border_style=&#8220;solid&#8220; custom_margin=&#8220;-20px|||&#8220; disabled=&#8220;off&#8220; saved_tabs=&#8220;all&#8220; _builder_version=&#8220;3.0.76&#8243; module_alignment=&#8220;center&#8220;]<\/p>\n<p style=\"text-align: left;\">Blick vom Pizzo Leone auf Lago Maggiore und Gambarogno<\/p>\n<p>[\/et_pb_text][\/et_pb_column][\/et_pb_row][\/et_pb_section]<\/p>\n","protected":false},"excerpt":{"rendered":"<p>Wandergebiet um Pila, Ausgangspunkt f\u00fcr Centovalli und Onsernonetal Pila dient als Ausgangspunkt f\u00fcr zahlreiche Spazierg\u00e4nge und gr\u00f6ssere Wanderungen! Ein spannender und nicht sehr anstrengender Rundgang f\u00fchrt \u00fcber Cremaso nach Calascio. Zur\u00fcck geht\u2019s durch einen dichten Buchenwald \u00fcber Vosa entlang dem Onsernonetal Richtung Intragna. Aber auch weiter entfernte Orte lohnen sich, beispielsweise die Alpe Salei im [&hellip;]<\/p>\n","protected":false},"author":1,"featured_media":0,"parent":0,"menu_order":0,"comment_status":"closed","ping_status":"closed","template":"","meta":{"_et_pb_use_builder":"on","_et_pb_old_content":"","_et_gb_content_width":"","footnotes":""},"class_list":["post-105","page","type-page","status-publish","hentry"],"_links":{"self":[{"href":"https:\/\/rustico-pila.ch\/index.php?rest_route=\/wp\/v2\/pages\/105"}],"collection":[{"href":"https:\/\/rustico-pila.ch\/index.php?rest_route=\/wp\/v2\/pages"}],"about":[{"href":"https:\/\/rustico-pila.ch\/index.php?rest_route=\/wp\/v2\/types\/page"}],"author":[{"embeddable":true,"href":"https:\/\/rustico-pila.ch\/index.php?rest_route=\/wp\/v2\/users\/1"}],"replies":[{"embeddable":true,"href":"https:\/\/rustico-pila.ch\/index.php?rest_route=%2Fwp%2Fv2%2Fcomments&post=105"}],"version-history":[{"count":39,"href":"https:\/\/rustico-pila.ch\/index.php?rest_route=\/wp\/v2\/pages\/105\/revisions"}],"predecessor-version":[{"id":261,"href":"https:\/\/rustico-pila.ch\/index.php?rest_route=\/wp\/v2\/pages\/105\/revisions\/261"}],"wp:attachment":[{"href":"https:\/\/rustico-pila.ch\/index.php?rest_route=%2Fwp%2Fv2%2Fmedia&parent=105"}],"curies":[{"name":"wp","href":"https:\/\/api.w.org\/{rel}","templated":true}]}}